{"id":209,"date":"2019-02-24T00:35:20","date_gmt":"2019-02-24T00:35:20","guid":{"rendered":"https:\/\/abrapalabra.show\/?page_id=209"},"modified":"2025-12-18T13:30:35","modified_gmt":"2025-12-18T13:30:35","slug":"bienvenida","status":"publish","type":"page","link":"https:\/\/abrapalabra.show\/es\/","title":{"rendered":"Bienvenida"},"content":{"rendered":"<p><br \/><strong>YO SOY UN OSO<\/strong> Un viaje formidable al encuentro de tu identidad Espect\u00e1culo de Teatro de Animaci\u00f3n (objetos y t\u00edteres) destinado a un p\u00fablico familiar (+ 6 a\u00f1os), que se presenta sobre una mesa\/escenario animado por un solo actor, quien manipula marionetas, iluminaci\u00f3n y objetos. Nos habla de la importancia de defender nuestra identidad como seres \u00fanicos e irrepetibles, habitantes de este planeta que debemos proteger. Una coproducci\u00f3n de <strong>Compa\u00f1\u00eda Abrapalabra Teatro y Marionetas y la Fundaci\u00f3n<\/strong> <strong>OANI<\/strong> <strong>de Teatro.<\/strong> Valpara\u00edso, Chile 2022. Proyecto Financiado por el Fondo Nacional de Fomento y Desarrollo de las Artes Esc\u00e9nicas, Convocatoria 2021, Fondo de Emergencia Transitorio.<br \/><\/p>\r\n\r\n\r\n\r\n<p style=\"text-align: right;\">\u00a0<\/p>\r\n\r\n\r\n\r\n<h1 class=\"wp-block-heading\">\u00a0<\/h1>","protected":false},"excerpt":{"rendered":"<p>YO SOY UN OSO Un viaje formidable al encuentro de tu identidad Espect\u00e1culo de Teatro de Animaci\u00f3n (objetos y t\u00edteres) destinado a un p\u00fablico familiar (+ 6 a\u00f1os), que se presenta sobre una mesa\/escenario animado por un solo actor, quien manipula marionetas, iluminaci\u00f3n y objetos. Nos habla de la importancia de defender nuestra identidad como &hellip; <\/p>\n<p class=\"link-more\"><a href=\"https:\/\/abrapalabra.show\/es\/\" class=\"more-link\">Continuar leyendo<span class=\"screen-reader-text\"> \u00abBienvenida\u00bb<\/span><\/a><\/p>\n","protected":false},"author":1,"featured_media":0,"parent":0,"menu_order":0,"comment_status":"closed","ping_status":"closed","template":"","meta":{"footnotes":""},"class_list":["post-209","page","type-page","status-publish","hentry"],"_links":{"self":[{"href":"https:\/\/abrapalabra.show\/es\/wp-json\/wp\/v2\/pages\/209","targetHints":{"allow":["GET"]}}],"collection":[{"href":"https:\/\/abrapalabra.show\/es\/wp-json\/wp\/v2\/pages"}],"about":[{"href":"https:\/\/abrapalabra.show\/es\/wp-json\/wp\/v2\/types\/page"}],"author":[{"embeddable":true,"href":"https:\/\/abrapalabra.show\/es\/wp-json\/wp\/v2\/users\/1"}],"replies":[{"embeddable":true,"href":"https:\/\/abrapalabra.show\/es\/wp-json\/wp\/v2\/comments?post=209"}],"version-history":[{"count":23,"href":"https:\/\/abrapalabra.show\/es\/wp-json\/wp\/v2\/pages\/209\/revisions"}],"predecessor-version":[{"id":872,"href":"https:\/\/abrapalabra.show\/es\/wp-json\/wp\/v2\/pages\/209\/revisions\/872"}],"wp:attachment":[{"href":"https:\/\/abrapalabra.show\/es\/wp-json\/wp\/v2\/media?parent=209"}],"curies":[{"name":"wp","href":"https:\/\/api.w.org\/{rel}","templated":true}]}}